{"id":11565,"date":"2025-10-02T11:30:48","date_gmt":"2025-10-02T10:30:48","guid":{"rendered":"https:\/\/rmadeira.pt\/zarco\/?page_id=11565"},"modified":"2025-10-02T12:45:00","modified_gmt":"2025-10-02T11:45:00","slug":"passou-hoje","status":"publish","type":"page","link":"https:\/\/rmadeira.pt\/zarco\/passou-hoje\/","title":{"rendered":"Passou Hoje"},"content":{"rendered":"\t\t<div data-elementor-type=\"wp-page\" data-elementor-id=\"11565\" class=\"elementor elementor-11565\">\n\t\t\t\t<div class=\"elementor-element elementor-element-5b8a202 e-flex e-con-boxed e-con e-parent\" data-id=\"5b8a202\" data-element_type=\"container\" data-e-type=\"container\">\n\t\t\t\t\t<div class=\"e-con-inner\">\n\t\t\t\t<div class=\"elementor-element elementor-element-752ae1f elementor-widget elementor-widget-proradio-elementor-button\" data-id=\"752ae1f\" data-element_type=\"widget\" data-e-type=\"widget\" data-widget_type=\"proradio-elementor-button.default\">\n\t\t\t\t<div class=\"elementor-widget-container\">\n\t\t\t\t\t <p class=\"aligncenter\"><a href=\"https:\/\/rmadeira.pt\/zarco\/passou\"   \t\t\t\t\t\t\t\tclass=\"proradio-btn  aligncenter  \">\t\t\t\t\t<i class=\" \"><\/i>\n\t\t\t\t\t<span>passou agora<\/span><\/a><\/p>\t\t\t\t<\/div>\n\t\t\t\t<\/div>\n\t\t\t\t\t<\/div>\n\t\t\t\t<\/div>\n\t\t<div class=\"elementor-element elementor-element-7eb47a6 e-flex e-con-boxed e-con e-parent\" data-id=\"7eb47a6\" data-element_type=\"container\" data-e-type=\"container\">\n\t\t\t\t\t<div class=\"e-con-inner\">\n\t\t\t\t<div class=\"elementor-element elementor-element-9eb4abb elementor-widget elementor-widget-proradio-elementor-button\" data-id=\"9eb4abb\" data-element_type=\"widget\" data-e-type=\"widget\" data-widget_type=\"proradio-elementor-button.default\">\n\t\t\t\t<div class=\"elementor-widget-container\">\n\t\t\t\t\t <p class=\"aligncenter\"><a href=\"https:\/\/rmadeira.pt\/zarco\/passou-ontem\"   \t\t\t\t\t\t\t\tclass=\"proradio-btn  aligncenter  \">\t\t\t\t\t<i class=\" \"><\/i>\n\t\t\t\t\t<span>passou ontem<\/span><\/a><\/p>\t\t\t\t<\/div>\n\t\t\t\t<\/div>\n\t\t\t\t\t<\/div>\n\t\t\t\t<\/div>\n\t\t<div class=\"elementor-element elementor-element-cc556d9 e-flex e-con-boxed e-con e-parent\" data-id=\"cc556d9\" data-element_type=\"container\" data-e-type=\"container\">\n\t\t\t\t\t<div class=\"e-con-inner\">\n\t\t\t\t<div class=\"elementor-element elementor-element-ae6233b elementor-widget elementor-widget-html\" data-id=\"ae6233b\" data-element_type=\"widget\" data-e-type=\"widget\" data-widget_type=\"html.default\">\n\t\t\t\t\t<iframe id=\"Iframe\" style=\"width: 100%;\" src=\"https:\/\/rmadeira.pt\/avazarco\/history_t.html\"><\/iframe>\r\n<!--iframe tag-->\r\n\r\n<script>\r\n            \/\/ Selecting the iframe element\r\n            var frame = document.getElementById(\"Iframe\");\r\n            \r\n            \/\/ Adjusting the iframe height onload event\r\n            frame.onload = function() {\r\n                \/\/ set the height of the iframe as \r\n                \/\/ the height of the iframe content\r\n                frame.style.height = frame.contentWindow.document.body.scrollHeight + 'px';\r\n\r\n                \/\/ set the width of the iframe as the \r\n                \/\/ width of the iframe content\r\n                frame.style.width  = frame.contentWindow.document.body.scrollWidth + 'px';\r\n            }\r\n            \r\n            document.getElementById('Iframe').contentDocument.location.reload(true);\r\n            \r\n        <\/script>\t\t\t\t<\/div>\n\t\t\t\t\t<\/div>\n\t\t\t\t<\/div>\n\t\t\t\t<\/div>\n\t\t","protected":false},"excerpt":{"rendered":"<p>passou agora passou ontem<\/p>\n","protected":false},"author":1,"featured_media":11417,"parent":0,"menu_order":0,"comment_status":"closed","ping_status":"closed","template":"","meta":{"footnotes":""},"class_list":["post-11565","page","type-page","status-publish","has-post-thumbnail","hentry"],"yoast_head":"<!-- This site is optimized with the Yoast SEO plugin v27.3 - https:\/\/yoast.com\/product\/yoast-seo-wordpress\/ -->\n<title>Passou Hoje &#8226; R\u00e1dio Zarco 89.6 FM<\/title>\n<meta name=\"robots\" content=\"index, follow, max-snippet:-1, max-image-preview:large, max-video-preview:-1\" \/>\n<link rel=\"canonical\" href=\"https:\/\/rmadeira.pt\/zarco\/passou-hoje\/\" \/>\n<meta property=\"og:locale\" content=\"pt_PT\" \/>\n<meta property=\"og:type\" content=\"article\" \/>\n<meta property=\"og:title\" content=\"Passou Hoje &#8226; R\u00e1dio Zarco 89.6 FM\" \/>\n<meta property=\"og:description\" content=\"passou agora passou ontem\" \/>\n<meta property=\"og:url\" content=\"https:\/\/rmadeira.pt\/zarco\/passou-hoje\/\" \/>\n<meta property=\"og:site_name\" content=\"R\u00e1dio Zarco 89.6 FM\" \/>\n<meta property=\"article:publisher\" content=\"https:\/\/www.facebook.com\/radiozarcomachico\" \/>\n<meta property=\"article:modified_time\" content=\"2025-10-02T11:45:00+00:00\" \/>\n<meta property=\"og:image\" content=\"https:\/\/rmadeira.pt\/zarco\/wp-content\/uploads\/2025\/10\/cabecalho-home.jpg\" \/>\n\t<meta property=\"og:image:width\" content=\"2560\" \/>\n\t<meta property=\"og:image:height\" content=\"800\" \/>\n\t<meta property=\"og:image:type\" content=\"image\/jpeg\" \/>\n<meta name=\"twitter:card\" content=\"summary_large_image\" \/>\n<script type=\"application\/ld+json\" class=\"yoast-schema-graph\">{\"@context\":\"https:\\\/\\\/schema.org\",\"@graph\":[{\"@type\":\"WebPage\",\"@id\":\"https:\\\/\\\/rmadeira.pt\\\/zarco\\\/passou-hoje\\\/\",\"url\":\"https:\\\/\\\/rmadeira.pt\\\/zarco\\\/passou-hoje\\\/\",\"name\":\"Passou Hoje &#8226; R\u00e1dio Zarco 89.6 FM\",\"isPartOf\":{\"@id\":\"https:\\\/\\\/rmadeira.pt\\\/zarco\\\/#website\"},\"primaryImageOfPage\":{\"@id\":\"https:\\\/\\\/rmadeira.pt\\\/zarco\\\/passou-hoje\\\/#primaryimage\"},\"image\":{\"@id\":\"https:\\\/\\\/rmadeira.pt\\\/zarco\\\/passou-hoje\\\/#primaryimage\"},\"thumbnailUrl\":\"https:\\\/\\\/rmadeira.pt\\\/zarco\\\/wp-content\\\/uploads\\\/2025\\\/10\\\/cabecalho-home.jpg\",\"datePublished\":\"2025-10-02T10:30:48+00:00\",\"dateModified\":\"2025-10-02T11:45:00+00:00\",\"breadcrumb\":{\"@id\":\"https:\\\/\\\/rmadeira.pt\\\/zarco\\\/passou-hoje\\\/#breadcrumb\"},\"inLanguage\":\"pt-PT\",\"potentialAction\":[{\"@type\":\"ReadAction\",\"target\":[\"https:\\\/\\\/rmadeira.pt\\\/zarco\\\/passou-hoje\\\/\"]}]},{\"@type\":\"ImageObject\",\"inLanguage\":\"pt-PT\",\"@id\":\"https:\\\/\\\/rmadeira.pt\\\/zarco\\\/passou-hoje\\\/#primaryimage\",\"url\":\"https:\\\/\\\/rmadeira.pt\\\/zarco\\\/wp-content\\\/uploads\\\/2025\\\/10\\\/cabecalho-home.jpg\",\"contentUrl\":\"https:\\\/\\\/rmadeira.pt\\\/zarco\\\/wp-content\\\/uploads\\\/2025\\\/10\\\/cabecalho-home.jpg\",\"width\":2560,\"height\":800},{\"@type\":\"BreadcrumbList\",\"@id\":\"https:\\\/\\\/rmadeira.pt\\\/zarco\\\/passou-hoje\\\/#breadcrumb\",\"itemListElement\":[{\"@type\":\"ListItem\",\"position\":1,\"name\":\"In\u00edcio\",\"item\":\"https:\\\/\\\/rmadeira.pt\\\/zarco\\\/\"},{\"@type\":\"ListItem\",\"position\":2,\"name\":\"Passou Hoje\"}]},{\"@type\":\"WebSite\",\"@id\":\"https:\\\/\\\/rmadeira.pt\\\/zarco\\\/#website\",\"url\":\"https:\\\/\\\/rmadeira.pt\\\/zarco\\\/\",\"name\":\"R\u00e1dio Zarco 89.6 FM\",\"description\":\"Machico no Cora\u00e7\u00e3o\",\"publisher\":{\"@id\":\"https:\\\/\\\/rmadeira.pt\\\/zarco\\\/#organization\"},\"potentialAction\":[{\"@type\":\"SearchAction\",\"target\":{\"@type\":\"EntryPoint\",\"urlTemplate\":\"https:\\\/\\\/rmadeira.pt\\\/zarco\\\/?s={search_term_string}\"},\"query-input\":{\"@type\":\"PropertyValueSpecification\",\"valueRequired\":true,\"valueName\":\"search_term_string\"}}],\"inLanguage\":\"pt-PT\"},{\"@type\":\"Organization\",\"@id\":\"https:\\\/\\\/rmadeira.pt\\\/zarco\\\/#organization\",\"name\":\"R\u00e1dio Zarco 89.6 FM\",\"url\":\"https:\\\/\\\/rmadeira.pt\\\/zarco\\\/\",\"logo\":{\"@type\":\"ImageObject\",\"inLanguage\":\"pt-PT\",\"@id\":\"https:\\\/\\\/rmadeira.pt\\\/zarco\\\/#\\\/schema\\\/logo\\\/image\\\/\",\"url\":\"https:\\\/\\\/rmadeira.pt\\\/zarco\\\/wp-content\\\/uploads\\\/2024\\\/10\\\/cropped-icon-zarco.png\",\"contentUrl\":\"https:\\\/\\\/rmadeira.pt\\\/zarco\\\/wp-content\\\/uploads\\\/2024\\\/10\\\/cropped-icon-zarco.png\",\"width\":512,\"height\":512,\"caption\":\"R\u00e1dio Zarco 89.6 FM\"},\"image\":{\"@id\":\"https:\\\/\\\/rmadeira.pt\\\/zarco\\\/#\\\/schema\\\/logo\\\/image\\\/\"},\"sameAs\":[\"https:\\\/\\\/www.facebook.com\\\/radiozarcomachico\"]}]}<\/script>\n<!-- \/ Yoast SEO plugin. -->","yoast_head_json":{"title":"Passou Hoje &#8226; R\u00e1dio Zarco 89.6 FM","robots":{"index":"index","follow":"follow","max-snippet":"max-snippet:-1","max-image-preview":"max-image-preview:large","max-video-preview":"max-video-preview:-1"},"canonical":"https:\/\/rmadeira.pt\/zarco\/passou-hoje\/","og_locale":"pt_PT","og_type":"article","og_title":"Passou Hoje &#8226; R\u00e1dio Zarco 89.6 FM","og_description":"passou agora passou ontem","og_url":"https:\/\/rmadeira.pt\/zarco\/passou-hoje\/","og_site_name":"R\u00e1dio Zarco 89.6 FM","article_publisher":"https:\/\/www.facebook.com\/radiozarcomachico","article_modified_time":"2025-10-02T11:45:00+00:00","og_image":[{"width":2560,"height":800,"url":"https:\/\/rmadeira.pt\/zarco\/wp-content\/uploads\/2025\/10\/cabecalho-home.jpg","type":"image\/jpeg"}],"twitter_card":"summary_large_image","schema":{"@context":"https:\/\/schema.org","@graph":[{"@type":"WebPage","@id":"https:\/\/rmadeira.pt\/zarco\/passou-hoje\/","url":"https:\/\/rmadeira.pt\/zarco\/passou-hoje\/","name":"Passou Hoje &#8226; R\u00e1dio Zarco 89.6 FM","isPartOf":{"@id":"https:\/\/rmadeira.pt\/zarco\/#website"},"primaryImageOfPage":{"@id":"https:\/\/rmadeira.pt\/zarco\/passou-hoje\/#primaryimage"},"image":{"@id":"https:\/\/rmadeira.pt\/zarco\/passou-hoje\/#primaryimage"},"thumbnailUrl":"https:\/\/rmadeira.pt\/zarco\/wp-content\/uploads\/2025\/10\/cabecalho-home.jpg","datePublished":"2025-10-02T10:30:48+00:00","dateModified":"2025-10-02T11:45:00+00:00","breadcrumb":{"@id":"https:\/\/rmadeira.pt\/zarco\/passou-hoje\/#breadcrumb"},"inLanguage":"pt-PT","potentialAction":[{"@type":"ReadAction","target":["https:\/\/rmadeira.pt\/zarco\/passou-hoje\/"]}]},{"@type":"ImageObject","inLanguage":"pt-PT","@id":"https:\/\/rmadeira.pt\/zarco\/passou-hoje\/#primaryimage","url":"https:\/\/rmadeira.pt\/zarco\/wp-content\/uploads\/2025\/10\/cabecalho-home.jpg","contentUrl":"https:\/\/rmadeira.pt\/zarco\/wp-content\/uploads\/2025\/10\/cabecalho-home.jpg","width":2560,"height":800},{"@type":"BreadcrumbList","@id":"https:\/\/rmadeira.pt\/zarco\/passou-hoje\/#breadcrumb","itemListElement":[{"@type":"ListItem","position":1,"name":"In\u00edcio","item":"https:\/\/rmadeira.pt\/zarco\/"},{"@type":"ListItem","position":2,"name":"Passou Hoje"}]},{"@type":"WebSite","@id":"https:\/\/rmadeira.pt\/zarco\/#website","url":"https:\/\/rmadeira.pt\/zarco\/","name":"R\u00e1dio Zarco 89.6 FM","description":"Machico no Cora\u00e7\u00e3o","publisher":{"@id":"https:\/\/rmadeira.pt\/zarco\/#organization"},"potentialAction":[{"@type":"SearchAction","target":{"@type":"EntryPoint","urlTemplate":"https:\/\/rmadeira.pt\/zarco\/?s={search_term_string}"},"query-input":{"@type":"PropertyValueSpecification","valueRequired":true,"valueName":"search_term_string"}}],"inLanguage":"pt-PT"},{"@type":"Organization","@id":"https:\/\/rmadeira.pt\/zarco\/#organization","name":"R\u00e1dio Zarco 89.6 FM","url":"https:\/\/rmadeira.pt\/zarco\/","logo":{"@type":"ImageObject","inLanguage":"pt-PT","@id":"https:\/\/rmadeira.pt\/zarco\/#\/schema\/logo\/image\/","url":"https:\/\/rmadeira.pt\/zarco\/wp-content\/uploads\/2024\/10\/cropped-icon-zarco.png","contentUrl":"https:\/\/rmadeira.pt\/zarco\/wp-content\/uploads\/2024\/10\/cropped-icon-zarco.png","width":512,"height":512,"caption":"R\u00e1dio Zarco 89.6 FM"},"image":{"@id":"https:\/\/rmadeira.pt\/zarco\/#\/schema\/logo\/image\/"},"sameAs":["https:\/\/www.facebook.com\/radiozarcomachico"]}]}},"_links":{"self":[{"href":"https:\/\/rmadeira.pt\/zarco\/wp-json\/wp\/v2\/pages\/11565","targetHints":{"allow":["GET"]}}],"collection":[{"href":"https:\/\/rmadeira.pt\/zarco\/wp-json\/wp\/v2\/pages"}],"about":[{"href":"https:\/\/rmadeira.pt\/zarco\/wp-json\/wp\/v2\/types\/page"}],"author":[{"embeddable":true,"href":"https:\/\/rmadeira.pt\/zarco\/wp-json\/wp\/v2\/users\/1"}],"replies":[{"embeddable":true,"href":"https:\/\/rmadeira.pt\/zarco\/wp-json\/wp\/v2\/comments?post=11565"}],"version-history":[{"count":10,"href":"https:\/\/rmadeira.pt\/zarco\/wp-json\/wp\/v2\/pages\/11565\/revisions"}],"predecessor-version":[{"id":11597,"href":"https:\/\/rmadeira.pt\/zarco\/wp-json\/wp\/v2\/pages\/11565\/revisions\/11597"}],"wp:featuredmedia":[{"embeddable":true,"href":"https:\/\/rmadeira.pt\/zarco\/wp-json\/wp\/v2\/media\/11417"}],"wp:attachment":[{"href":"https:\/\/rmadeira.pt\/zarco\/wp-json\/wp\/v2\/media?parent=11565"}],"curies":[{"name":"wp","href":"https:\/\/api.w.org\/{rel}","templated":true}]}}