{"id":8252,"date":"2024-05-12T12:02:09","date_gmt":"2024-05-12T12:02:09","guid":{"rendered":"https:\/\/demo.pro.radio\/wp35\/?page_id=8252"},"modified":"2025-10-01T20:54:41","modified_gmt":"2025-10-01T19:54:41","slug":"estatuto-editorial","status":"publish","type":"page","link":"https:\/\/rmadeira.pt\/zarco\/estatuto-editorial\/","title":{"rendered":"Estatuto Editorial"},"content":{"rendered":"\r\n<p align=\"justify\"><strong>Estatuto Editorial \u2013 R\u00e1dio Zarco 89.6 FM<\/strong><\/p>\r\n<p align=\"justify\"><strong>Princ\u00edpios Gerais<\/strong><\/p>\r\n<p align=\"justify\">O respeito integral e absoluto pela Constitui\u00e7\u00e3o da Rep\u00fablica Portuguesa.<\/p>\r\n<p align=\"justify\">A observa\u00e7\u00e3o escrupulosa dos Princ\u00edpios da \u00e9tica e deontologia profissionais e respeito pela boa f\u00e9 dos ouvintes, segundo o presente no Artigo 34\u00ba da Lei da R\u00e1dio \u201c(\u2026) compromisso de respeitar os direito dos ouvintes, a \u00e9tica profissional e, nos casos aplic\u00e1veis, os princ\u00edpios deontol\u00f3gicos do jornalismo. (\u2026)\u201d.<\/p>\r\n<p align=\"justify\">Os seus objetivos e fins s\u00e3o a cobertura Radiof\u00f3nica do Concelho de Machico, na Regi\u00e3o Aut\u00f3noma da Madeira, no respeito integral e escrupuloso do esp\u00edrito da Lei que consagra e enquadra o servi\u00e7o de Radiodifus\u00e3o Local.<\/p>\r\n<p align=\"justify\">Garantir, pela abertura e di\u00e1logo atento \u00e0s for\u00e7as vivas deste Concelho, acesso livre \u00e0 divulga\u00e7\u00e3o de informa\u00e7\u00f5es, opini\u00f5es e posi\u00e7\u00f5es relativas aos factos relevantes que sejam referentes \u00e0 atualidade e interesse objetivo ou que se constituam como tal.<\/p>\r\n<p align=\"justify\">Pela articula\u00e7\u00e3o cuidada e criteriosa do conte\u00fado da programa\u00e7\u00e3o musical e da informa\u00e7\u00e3o, contribuir para o aperfei\u00e7oamento dos n\u00edveis de qualidade e do bom gosto do Audit\u00f3rio, por meios de uma sele\u00e7\u00e3o cuidada dos materiais e conte\u00fados a difundir, sem se afastar das prefer\u00eancias e refer\u00eancias m\u00e9dias existentes.<\/p>\r\n<p align=\"justify\">Os fins e esp\u00edrito geral desta Esta\u00e7\u00e3o de R\u00e1dio, como elemento ativo na dinamiza\u00e7\u00e3o e participa\u00e7\u00e3o na realidade ativa deste Concelho, dever\u00e1, na medida do poss\u00edvel, recorrer aos recursos humanos dispon\u00edveis neste Concelho, quer para o seu Quadro de Pessoal Permanente quer para o Quadro dos seus Colaboradores ou Aven\u00e7ados.<\/p>\r\n<p align=\"justify\">Esta Esta\u00e7\u00e3o de Radiodifus\u00e3o \u00e9 independente de Partidos Pol\u00edticos ou Religi\u00f5es, assumindo por princ\u00edpio a abertura e toler\u00e2ncia em rela\u00e7\u00e3o a todas as correntes de opini\u00e3o organizadas ou n\u00e3o, desde que n\u00e3o pugnem ou apelem ao incumprimento da Leis Gerais da Rep\u00fablica Portuguesa ou aos costumes universal e pacificamente aceites por estas comunidades.<\/p>\r\n<p align=\"justify\">Respeitar todas as Leis vigentes e outras que possam surgir, sempre e no cumprimento escrupuloso das defini\u00e7\u00f5es e esp\u00edrito do definido por Lei para o servi\u00e7o de Radiodifus\u00e3o de car\u00e1ter local.<\/p>\r\n<p>&nbsp;<\/p>\r\n<p align=\"center\">Funchal, 29 de setembro de 2023<\/p>","protected":false},"excerpt":{"rendered":"<p>Estatuto Editorial \u2013 R\u00e1dio Zarco 89.6 FM Princ\u00edpios Gerais O respeito integral e absoluto pela Constitui\u00e7\u00e3o da Rep\u00fablica Portuguesa. A observa\u00e7\u00e3o escrupulosa dos Princ\u00edpios da \u00e9tica e deontologia profissionais e respeito pela boa f\u00e9 dos ouvintes, segundo o presente no Artigo 34\u00ba da Lei da R\u00e1dio \u201c(\u2026) compromisso de respeitar ...<\/p>\n","protected":false},"author":1,"featured_media":0,"parent":0,"menu_order":0,"comment_status":"closed","ping_status":"open","template":"","meta":{"footnotes":""},"class_list":["post-8252","page","type-page","status-publish","hentry"],"yoast_head":"<!-- This site is optimized with the Yoast SEO plugin v27.3 - https:\/\/yoast.com\/product\/yoast-seo-wordpress\/ -->\n<title>Estatuto Editorial &#8226; R\u00e1dio Zarco 89.6 FM<\/title>\n<meta name=\"robots\" content=\"index, follow, max-snippet:-1, max-image-preview:large, max-video-preview:-1\" \/>\n<link rel=\"canonical\" href=\"https:\/\/rmadeira.pt\/zarco\/estatuto-editorial\/\" \/>\n<meta property=\"og:locale\" content=\"pt_PT\" \/>\n<meta property=\"og:type\" content=\"article\" \/>\n<meta property=\"og:title\" content=\"Estatuto Editorial &#8226; R\u00e1dio Zarco 89.6 FM\" \/>\n<meta property=\"og:description\" content=\"Estatuto Editorial \u2013 R\u00e1dio Zarco 89.6 FM Princ\u00edpios Gerais O respeito integral e absoluto pela Constitui\u00e7\u00e3o da Rep\u00fablica Portuguesa. A observa\u00e7\u00e3o escrupulosa dos Princ\u00edpios da \u00e9tica e deontologia profissionais e respeito pela boa f\u00e9 dos ouvintes, segundo o presente no Artigo 34\u00ba da Lei da R\u00e1dio \u201c(\u2026) compromisso de respeitar [...]\" \/>\n<meta property=\"og:url\" content=\"https:\/\/rmadeira.pt\/zarco\/estatuto-editorial\/\" \/>\n<meta property=\"og:site_name\" content=\"R\u00e1dio Zarco 89.6 FM\" \/>\n<meta property=\"article:publisher\" content=\"https:\/\/www.facebook.com\/radiozarcomachico\" \/>\n<meta property=\"article:modified_time\" content=\"2025-10-01T19:54:41+00:00\" \/>\n<meta property=\"og:image\" content=\"https:\/\/rmadeira.pt\/zarco\/wp-content\/uploads\/2024\/10\/yoast-zarco.jpg\" \/>\n\t<meta property=\"og:image:width\" content=\"1200\" \/>\n\t<meta property=\"og:image:height\" content=\"675\" \/>\n\t<meta property=\"og:image:type\" content=\"image\/jpeg\" \/>\n<meta name=\"twitter:card\" content=\"summary_large_image\" \/>\n<meta name=\"twitter:label1\" content=\"Tempo estimado de leitura\" \/>\n\t<meta name=\"twitter:data1\" content=\"2 minutos\" \/>\n<script type=\"application\/ld+json\" class=\"yoast-schema-graph\">{\"@context\":\"https:\\\/\\\/schema.org\",\"@graph\":[{\"@type\":\"WebPage\",\"@id\":\"https:\\\/\\\/rmadeira.pt\\\/zarco\\\/estatuto-editorial\\\/\",\"url\":\"https:\\\/\\\/rmadeira.pt\\\/zarco\\\/estatuto-editorial\\\/\",\"name\":\"Estatuto Editorial &#8226; R\u00e1dio Zarco 89.6 FM\",\"isPartOf\":{\"@id\":\"https:\\\/\\\/rmadeira.pt\\\/zarco\\\/#website\"},\"datePublished\":\"2024-05-12T12:02:09+00:00\",\"dateModified\":\"2025-10-01T19:54:41+00:00\",\"breadcrumb\":{\"@id\":\"https:\\\/\\\/rmadeira.pt\\\/zarco\\\/estatuto-editorial\\\/#breadcrumb\"},\"inLanguage\":\"pt-PT\",\"potentialAction\":[{\"@type\":\"ReadAction\",\"target\":[\"https:\\\/\\\/rmadeira.pt\\\/zarco\\\/estatuto-editorial\\\/\"]}]},{\"@type\":\"BreadcrumbList\",\"@id\":\"https:\\\/\\\/rmadeira.pt\\\/zarco\\\/estatuto-editorial\\\/#breadcrumb\",\"itemListElement\":[{\"@type\":\"ListItem\",\"position\":1,\"name\":\"In\u00edcio\",\"item\":\"https:\\\/\\\/rmadeira.pt\\\/zarco\\\/\"},{\"@type\":\"ListItem\",\"position\":2,\"name\":\"Estatuto Editorial\"}]},{\"@type\":\"WebSite\",\"@id\":\"https:\\\/\\\/rmadeira.pt\\\/zarco\\\/#website\",\"url\":\"https:\\\/\\\/rmadeira.pt\\\/zarco\\\/\",\"name\":\"R\u00e1dio Zarco 89.6 FM\",\"description\":\"Machico no Cora\u00e7\u00e3o\",\"publisher\":{\"@id\":\"https:\\\/\\\/rmadeira.pt\\\/zarco\\\/#organization\"},\"potentialAction\":[{\"@type\":\"SearchAction\",\"target\":{\"@type\":\"EntryPoint\",\"urlTemplate\":\"https:\\\/\\\/rmadeira.pt\\\/zarco\\\/?s={search_term_string}\"},\"query-input\":{\"@type\":\"PropertyValueSpecification\",\"valueRequired\":true,\"valueName\":\"search_term_string\"}}],\"inLanguage\":\"pt-PT\"},{\"@type\":\"Organization\",\"@id\":\"https:\\\/\\\/rmadeira.pt\\\/zarco\\\/#organization\",\"name\":\"R\u00e1dio Zarco 89.6 FM\",\"url\":\"https:\\\/\\\/rmadeira.pt\\\/zarco\\\/\",\"logo\":{\"@type\":\"ImageObject\",\"inLanguage\":\"pt-PT\",\"@id\":\"https:\\\/\\\/rmadeira.pt\\\/zarco\\\/#\\\/schema\\\/logo\\\/image\\\/\",\"url\":\"https:\\\/\\\/rmadeira.pt\\\/zarco\\\/wp-content\\\/uploads\\\/2024\\\/10\\\/cropped-icon-zarco.png\",\"contentUrl\":\"https:\\\/\\\/rmadeira.pt\\\/zarco\\\/wp-content\\\/uploads\\\/2024\\\/10\\\/cropped-icon-zarco.png\",\"width\":512,\"height\":512,\"caption\":\"R\u00e1dio Zarco 89.6 FM\"},\"image\":{\"@id\":\"https:\\\/\\\/rmadeira.pt\\\/zarco\\\/#\\\/schema\\\/logo\\\/image\\\/\"},\"sameAs\":[\"https:\\\/\\\/www.facebook.com\\\/radiozarcomachico\"]}]}<\/script>\n<!-- \/ Yoast SEO plugin. -->","yoast_head_json":{"title":"Estatuto Editorial &#8226; R\u00e1dio Zarco 89.6 FM","robots":{"index":"index","follow":"follow","max-snippet":"max-snippet:-1","max-image-preview":"max-image-preview:large","max-video-preview":"max-video-preview:-1"},"canonical":"https:\/\/rmadeira.pt\/zarco\/estatuto-editorial\/","og_locale":"pt_PT","og_type":"article","og_title":"Estatuto Editorial &#8226; R\u00e1dio Zarco 89.6 FM","og_description":"Estatuto Editorial \u2013 R\u00e1dio Zarco 89.6 FM Princ\u00edpios Gerais O respeito integral e absoluto pela Constitui\u00e7\u00e3o da Rep\u00fablica Portuguesa. A observa\u00e7\u00e3o escrupulosa dos Princ\u00edpios da \u00e9tica e deontologia profissionais e respeito pela boa f\u00e9 dos ouvintes, segundo o presente no Artigo 34\u00ba da Lei da R\u00e1dio \u201c(\u2026) compromisso de respeitar [...]","og_url":"https:\/\/rmadeira.pt\/zarco\/estatuto-editorial\/","og_site_name":"R\u00e1dio Zarco 89.6 FM","article_publisher":"https:\/\/www.facebook.com\/radiozarcomachico","article_modified_time":"2025-10-01T19:54:41+00:00","og_image":[{"width":1200,"height":675,"url":"https:\/\/rmadeira.pt\/zarco\/wp-content\/uploads\/2024\/10\/yoast-zarco.jpg","type":"image\/jpeg"}],"twitter_card":"summary_large_image","twitter_misc":{"Tempo estimado de leitura":"2 minutos"},"schema":{"@context":"https:\/\/schema.org","@graph":[{"@type":"WebPage","@id":"https:\/\/rmadeira.pt\/zarco\/estatuto-editorial\/","url":"https:\/\/rmadeira.pt\/zarco\/estatuto-editorial\/","name":"Estatuto Editorial &#8226; R\u00e1dio Zarco 89.6 FM","isPartOf":{"@id":"https:\/\/rmadeira.pt\/zarco\/#website"},"datePublished":"2024-05-12T12:02:09+00:00","dateModified":"2025-10-01T19:54:41+00:00","breadcrumb":{"@id":"https:\/\/rmadeira.pt\/zarco\/estatuto-editorial\/#breadcrumb"},"inLanguage":"pt-PT","potentialAction":[{"@type":"ReadAction","target":["https:\/\/rmadeira.pt\/zarco\/estatuto-editorial\/"]}]},{"@type":"BreadcrumbList","@id":"https:\/\/rmadeira.pt\/zarco\/estatuto-editorial\/#breadcrumb","itemListElement":[{"@type":"ListItem","position":1,"name":"In\u00edcio","item":"https:\/\/rmadeira.pt\/zarco\/"},{"@type":"ListItem","position":2,"name":"Estatuto Editorial"}]},{"@type":"WebSite","@id":"https:\/\/rmadeira.pt\/zarco\/#website","url":"https:\/\/rmadeira.pt\/zarco\/","name":"R\u00e1dio Zarco 89.6 FM","description":"Machico no Cora\u00e7\u00e3o","publisher":{"@id":"https:\/\/rmadeira.pt\/zarco\/#organization"},"potentialAction":[{"@type":"SearchAction","target":{"@type":"EntryPoint","urlTemplate":"https:\/\/rmadeira.pt\/zarco\/?s={search_term_string}"},"query-input":{"@type":"PropertyValueSpecification","valueRequired":true,"valueName":"search_term_string"}}],"inLanguage":"pt-PT"},{"@type":"Organization","@id":"https:\/\/rmadeira.pt\/zarco\/#organization","name":"R\u00e1dio Zarco 89.6 FM","url":"https:\/\/rmadeira.pt\/zarco\/","logo":{"@type":"ImageObject","inLanguage":"pt-PT","@id":"https:\/\/rmadeira.pt\/zarco\/#\/schema\/logo\/image\/","url":"https:\/\/rmadeira.pt\/zarco\/wp-content\/uploads\/2024\/10\/cropped-icon-zarco.png","contentUrl":"https:\/\/rmadeira.pt\/zarco\/wp-content\/uploads\/2024\/10\/cropped-icon-zarco.png","width":512,"height":512,"caption":"R\u00e1dio Zarco 89.6 FM"},"image":{"@id":"https:\/\/rmadeira.pt\/zarco\/#\/schema\/logo\/image\/"},"sameAs":["https:\/\/www.facebook.com\/radiozarcomachico"]}]}},"_links":{"self":[{"href":"https:\/\/rmadeira.pt\/zarco\/wp-json\/wp\/v2\/pages\/8252","targetHints":{"allow":["GET"]}}],"collection":[{"href":"https:\/\/rmadeira.pt\/zarco\/wp-json\/wp\/v2\/pages"}],"about":[{"href":"https:\/\/rmadeira.pt\/zarco\/wp-json\/wp\/v2\/types\/page"}],"author":[{"embeddable":true,"href":"https:\/\/rmadeira.pt\/zarco\/wp-json\/wp\/v2\/users\/1"}],"replies":[{"embeddable":true,"href":"https:\/\/rmadeira.pt\/zarco\/wp-json\/wp\/v2\/comments?post=8252"}],"version-history":[{"count":1,"href":"https:\/\/rmadeira.pt\/zarco\/wp-json\/wp\/v2\/pages\/8252\/revisions"}],"predecessor-version":[{"id":11388,"href":"https:\/\/rmadeira.pt\/zarco\/wp-json\/wp\/v2\/pages\/8252\/revisions\/11388"}],"wp:attachment":[{"href":"https:\/\/rmadeira.pt\/zarco\/wp-json\/wp\/v2\/media?parent=8252"}],"curies":[{"name":"wp","href":"https:\/\/api.w.org\/{rel}","templated":true}]}}